{"id":674,"date":"2025-03-05T13:47:14","date_gmt":"2025-03-05T13:47:14","guid":{"rendered":"https:\/\/equipaedu.com.mx\/?post_type=product&#038;p=674"},"modified":"2025-03-10T13:26:14","modified_gmt":"2025-03-10T13:26:14","slug":"filtro-purificador-microbiologico-de-agua-para-beber-community-lifestraw","status":"publish","type":"product","link":"https:\/\/equipaedu.com.mx\/index.php\/producto\/filtro-purificador-microbiologico-de-agua-para-beber-community-lifestraw\/","title":{"rendered":"Filtro Purificador Microbiol\u00f3gico de Agua para Beber Community, LifeStraw"},"content":{"rendered":"<p>Descripci\u00f3n General<\/p>\n<h6>Filtro Purificador Microbiol\u00f3gico de Agua para Beber Community<\/h6>\n<p>El LifeStraw Community es un purificador de agua de alta capacidad dise\u00f1ado para uso en situaciones de emergencia, desastres y trabajo humanitario. Utiliza una membrana de ultrafiltraci\u00f3n con un tama\u00f1o de poro de 0.02 micrones para eliminar contaminantes microbiol\u00f3gicos del agua. Es f\u00e1cil de ensamblar y no requiere energ\u00eda el\u00e9ctrica, lo que lo hace perfecto para la purificaci\u00f3n de agua en el punto de uso.<\/p>\n<p>Especificaciones T\u00e9cnicas<\/p>\n<p><b>Dimensiones<\/b><\/p>\n<ul>\n<li>Tama\u00f1o (ensamblado): 22\u201d x 22\u201d x 33,5\u201d.<\/li>\n<li>Peso: 8 kg (sin agua).<\/li>\n<li>Materiales de calidad alimentaria y libres de BPA (normas 21 CFR de la FDA de EE. UU.)<\/li>\n<li>Apto para lavavajillas, una vez retirado el filtro.<\/li>\n<li>Filtro y piezas reemplazables y reciclables.<\/li>\n<li>Seguridad: cuando el purificador llega al final de su vida \u00fatil, la membrana se obstruye naturalmente, eliminando as\u00ed la posibilidad de que alguien beba agua contaminada.<\/li>\n<li>Apto para lavavajillas, una vez retirado el filtro.<\/li>\n<\/ul>\n<p><b>El ultra filtro de membrana LifeStraw elimina:<\/b><\/p>\n<ul>\n<li>99,999999% de bacterias (E. coli, Salmonella, etc.).<\/li>\n<li>99,999% de par\u00e1sitos (Giardia, Cryptosporidium, etc.).<\/li>\n<li>99,999% de los virus (Rotavirus, etc.).<\/li>\n<li>99,999% de micropl\u00e1sticos.<\/li>\n<li>Tama\u00f1o de poro: 0,02 micrones.<\/li>\n<li>Filtra entre 70.000 y 100.000 litros a lo largo de su vida \u00fatil.<\/li>\n<li>Cumple con los est\u00e1ndares de agua potable NSF\/ANSI P231 de EE. UU. para la reducci\u00f3n de virus, bacterias y par\u00e1sitos.<\/li>\n<li>Cumple con los requisitos m\u00e1s exigentes de agua potable de la OMS y la EPA de EE. UU.<\/li>\n<\/ul>\n<p>Accesorios y Consumibles<\/p>\n<p><b>Incluye:<\/b><\/p>\n<ul>\n<li><b>Pre-filtro de Malla:<\/b>\u00a0Retiene part\u00edculas gruesas del agua.<\/li>\n<li><b>Kit de Adaptador Autofill:<\/b>\u00a0Permite la conexi\u00f3n a grifos o mangueras.<\/li>\n<li><b>Instrucciones de Ensamblaje:<\/b>\u00a0Gu\u00eda detallada para el montaje del purificador.<\/li>\n<li><b>Membrana de Ultrafiltraci\u00f3n de Repuesto:<\/b>\u00a0Para reemplazo cuando sea necesario.<\/li>\n<\/ul>\n","protected":false},"excerpt":{"rendered":"<p>Filtraci\u00f3n de agua port\u00e1til y eficaz para comunidades. Proporciona acceso a agua potable segura en cualquier situaci\u00f3n.<\/p>\n<h5>Filtro Purificador Microbiol\u00f3gico de Agua para Beber Community<\/h5>\n<p><b>Marca:\u00a0<\/b>LifeStraw |\u00a0<b>Pa\u00eds de origen:\u00a0<\/b>Estados Unidos |\u00a0<b>C\u00f3digo:\u00a0<\/b>LSC024<\/p>\n<p>Caracter\u00edsticas principales<\/p>\n<ul>\n<li><b>Alta Eficiencia Microbiol\u00f3gica:\u00a0<\/b>Elimina el 99.9999% de bacterias, 99.999% de virus y 99.99% de par\u00e1sito.<\/li>\n<li><b>Larga Vida \u00datil:\u00a0<\/b>Filtra entre 70.000 y 100.000 litros a lo largo de su vida \u00fatil.<\/li>\n<li><b>Durabilidad:\u00a0<\/b>Fabricado con materiales duraderos y libres de BPA.<\/li>\n<li>Cumple con los requisitos m\u00e1s exigentes de agua potable de la OMS y la EPA de EE. UU.<\/li>\n<\/ul>\n","protected":false},"featured_media":675,"comment_status":"open","ping_status":"closed","template":"","meta":{"_themeisle_gutenberg_block_has_review":false,"_joinchat":[]},"product_brand":[],"product_cat":[55],"product_tag":[],"class_list":{"0":"post-674","1":"product","2":"type-product","3":"status-publish","4":"has-post-thumbnail","6":"product_cat-phmetros-y-conductivimetros","8":"first","9":"instock","10":"shipping-taxable","11":"purchasable","12":"product-type-simple"},"_links":{"self":[{"href":"https:\/\/equipaedu.com.mx\/index.php\/wp-json\/wp\/v2\/product\/674","targetHints":{"allow":["GET"]}}],"collection":[{"href":"https:\/\/equipaedu.com.mx\/index.php\/wp-json\/wp\/v2\/product"}],"about":[{"href":"https:\/\/equipaedu.com.mx\/index.php\/wp-json\/wp\/v2\/types\/product"}],"replies":[{"embeddable":true,"href":"https:\/\/equipaedu.com.mx\/index.php\/wp-json\/wp\/v2\/comments?post=674"}],"wp:featuredmedia":[{"embeddable":true,"href":"https:\/\/equipaedu.com.mx\/index.php\/wp-json\/wp\/v2\/media\/675"}],"wp:attachment":[{"href":"https:\/\/equipaedu.com.mx\/index.php\/wp-json\/wp\/v2\/media?parent=674"}],"wp:term":[{"taxonomy":"product_brand","embeddable":true,"href":"https:\/\/equipaedu.com.mx\/index.php\/wp-json\/wp\/v2\/product_brand?post=674"},{"taxonomy":"product_cat","embeddable":true,"href":"https:\/\/equipaedu.com.mx\/index.php\/wp-json\/wp\/v2\/product_cat?post=674"},{"taxonomy":"product_tag","embeddable":true,"href":"https:\/\/equipaedu.com.mx\/index.php\/wp-json\/wp\/v2\/product_tag?post=674"}],"curies":[{"name":"wp","href":"https:\/\/api.w.org\/{rel}","templated":true}]}}