{"id":672,"date":"2025-03-05T13:44:53","date_gmt":"2025-03-05T13:44:53","guid":{"rendered":"https:\/\/equipaedu.com.mx\/?post_type=product&#038;p=672"},"modified":"2025-03-10T13:27:08","modified_gmt":"2025-03-10T13:27:08","slug":"kit-para-acuacultura-modelo-aq-2-lamotte","status":"publish","type":"product","link":"https:\/\/equipaedu.com.mx\/index.php\/producto\/kit-para-acuacultura-modelo-aq-2-lamotte\/","title":{"rendered":"Kit Para Acuacultura Modelo AQ-2, LaMotte"},"content":{"rendered":"<p>Descripci\u00f3n General<\/p>\n<h6>Kit Para Acuacultura Modelo AQ-2<\/h6>\n<p>Un equipo completo para el cultivo de peces en estanques, ideal para el an\u00e1lisis de agua dulce. Nueve factores de prueba cr\u00edticos se pueden determinar de manera eficiente y precisa en el sitio. Dise\u00f1ado con el an\u00e1lisis de campo como prioridad; Todos los reactivos, componentes y accesorios est\u00e1n dispuestos en ethafoam preperforado. Las instrucciones breves se proporcionan en una pr\u00e1ctica etiqueta en la tapa para facilitar el acceso. El folleto de instrucciones de formato largo proporciona instrucciones detalladas y un diagrama del kit de prueba. La unidad se suministra completa con material de laboratorio, accesorios, botella de muestreo y reactivos para 50 pruebas de cada factor.<\/p>\n<p>Especificaciones T\u00e9cnicas<\/p>\n<table class=\"tabtec\">\n<caption>Pruebas de comparador Octa-Slide<\/caption>\n<thead>\n<tr>\n<th>Factor de prueba<\/th>\n<th>Rango\/Sensibilidad<\/th>\n<\/tr>\n<\/thead>\n<tbody>\n<tr>\n<td>Nitr\u00f3geno amoniacal<\/td>\n<td>0.0, 0.1, 0.25, 0.5, 1.0, 1.5, 2.0 ppm NH<sub>3<\/sub>-N<\/td>\n<\/tr>\n<tr>\n<td>Nitr\u00f3geno nitrito<\/td>\n<td>0.05, 0.1, 0.2, 0.3, 0.4, 0.5, 0.6, 0.8 ppm NO<sub>2<\/sub>-N<\/td>\n<\/tr>\n<tr>\n<td>pH<\/td>\n<td>pH 5.0, 6.0, 6.5, 7.0, 7.5, 8.0, 9.0, 10.0 pH<\/td>\n<\/tr>\n<\/tbody>\n<\/table>\n<table class=\"tabtec\">\n<caption>Pruebas de valoraci\u00f3n de lectura directa<\/caption>\n<thead>\n<tr>\n<th>Factor de prueba<\/th>\n<th>Gama<\/th>\n<th>Sensibilidad<\/th>\n<\/tr>\n<\/thead>\n<tbody>\n<tr>\n<td>Alcalinidad (total)<\/td>\n<td>0-200 ppm como CaCO<sub>3<\/sub><\/td>\n<td>4.0 ppm<\/td>\n<\/tr>\n<tr>\n<td>Di\u00f3xido de carbono<\/td>\n<td>0-50 ppm como CO<sub>2<\/sub><\/td>\n<td>1.0 ppm<\/td>\n<\/tr>\n<tr>\n<td>Cloruro<\/td>\n<td>0-200 ppm Cl<\/td>\n<td>4.0 ppm<\/td>\n<\/tr>\n<tr>\n<td>Ox\u00edgeno disuelto<\/td>\n<td>0-10 ppm O<sub>2<\/sub><\/td>\n<td>0.2 ppm<\/td>\n<\/tr>\n<tr>\n<td>Dureza (total)<\/td>\n<td>0-200 ppm como CaCO<sub>3<\/sub><\/td>\n<td>4.0 ppm<\/td>\n<\/tr>\n<tr>\n<td colspan=\"3\"><\/td>\n<\/tr>\n<tr>\n<th>Temperatura<\/th>\n<th>Gama<\/th>\n<th>Sensibilidad<\/th>\n<\/tr>\n<tr>\n<td>Term\u00f3metro blindado<\/td>\n<td>De -5\u00b0C a 45\u00b0C<\/td>\n<td>0.5 \u00b0C<\/td>\n<\/tr>\n<\/tbody>\n<\/table>\n<p><b>C\u00f3digo de buque:<\/b>\u00a0(LQ) Material peligroso \u2013 Tarifas a\u00e9reas aplicables<\/p>\n<p>Accesorios y Consumibles<\/p>\n<p>Incluye: Gu\u00eda r\u00e1pida incluida en la tapa del malet\u00edn de transporte, instructivo, reactivos y accesorios para 50 pruebas de acuerdo a cada par\u00e1metro.<br \/>\nTodos los consumibles pueden adquirirse por separado.<\/p>\n","protected":false},"excerpt":{"rendered":"<p>Optimiza el cultivo de peces en estanques: nuestro equipo analiza agua dulce y eval\u00faa 9 factores cr\u00edticos de forma eficiente en el lugar.<\/p>\n<h5>Kit Para Acuacultura Modelo AQ-2<\/h5>\n<p><b>Marca:<\/b>\u00a0LaMotte |\u00a0<b>Pa\u00eds de Origen:<\/b>\u00a0Estados Unidos |\u00a0<b>C\u00f3digo:<\/b>\u00a03633-05<\/p>\n<p>Caracter\u00edsticas Principales<\/p>\n<ul>\n<li><b>Pruebas Multiparam\u00e9tricas:<\/b>\u00a0Permite analizar varios par\u00e1metros cr\u00edticos de calidad del agua con un solo kit, lo que facilita el monitoreo integral del entorno acu\u00e1tico.<\/li>\n<li><b>Facilidad de Uso:<\/b>\u00a0Dise\u00f1ado para ser f\u00e1cil de manejar, con instrucciones detalladas y diagramas que gu\u00edan al usuario a trav\u00e9s del proceso de an\u00e1lisis.<\/li>\n<li><b>Componentes de Calidad:<\/b>\u00a0Incluye todos los reactivos y herramientas necesarias para realizar las pruebas, asegurando que los usuarios tengan todo lo que necesitan en un solo kit.<\/li>\n<li><b>Portabilidad:<\/b>\u00a0El estuche de transporte resistente permite llevar el kit f\u00e1cilmente al lugar de muestreo, ideal para uso en campo.<\/li>\n<\/ul>\n","protected":false},"featured_media":673,"comment_status":"open","ping_status":"closed","template":"","meta":{"_themeisle_gutenberg_block_has_review":false,"_joinchat":[]},"product_brand":[],"product_cat":[55],"product_tag":[],"class_list":{"0":"post-672","1":"product","2":"type-product","3":"status-publish","4":"has-post-thumbnail","6":"product_cat-phmetros-y-conductivimetros","8":"first","9":"instock","10":"shipping-taxable","11":"purchasable","12":"product-type-simple"},"_links":{"self":[{"href":"https:\/\/equipaedu.com.mx\/index.php\/wp-json\/wp\/v2\/product\/672","targetHints":{"allow":["GET"]}}],"collection":[{"href":"https:\/\/equipaedu.com.mx\/index.php\/wp-json\/wp\/v2\/product"}],"about":[{"href":"https:\/\/equipaedu.com.mx\/index.php\/wp-json\/wp\/v2\/types\/product"}],"replies":[{"embeddable":true,"href":"https:\/\/equipaedu.com.mx\/index.php\/wp-json\/wp\/v2\/comments?post=672"}],"wp:featuredmedia":[{"embeddable":true,"href":"https:\/\/equipaedu.com.mx\/index.php\/wp-json\/wp\/v2\/media\/673"}],"wp:attachment":[{"href":"https:\/\/equipaedu.com.mx\/index.php\/wp-json\/wp\/v2\/media?parent=672"}],"wp:term":[{"taxonomy":"product_brand","embeddable":true,"href":"https:\/\/equipaedu.com.mx\/index.php\/wp-json\/wp\/v2\/product_brand?post=672"},{"taxonomy":"product_cat","embeddable":true,"href":"https:\/\/equipaedu.com.mx\/index.php\/wp-json\/wp\/v2\/product_cat?post=672"},{"taxonomy":"product_tag","embeddable":true,"href":"https:\/\/equipaedu.com.mx\/index.php\/wp-json\/wp\/v2\/product_tag?post=672"}],"curies":[{"name":"wp","href":"https:\/\/api.w.org\/{rel}","templated":true}]}}