{"id":661,"date":"2025-03-05T13:30:47","date_gmt":"2025-03-05T13:30:47","guid":{"rendered":"https:\/\/equipaedu.com.mx\/?post_type=product&#038;p=661"},"modified":"2025-03-10T13:29:18","modified_gmt":"2025-03-10T13:29:18","slug":"colorimetro-dc1500-para-cloro-libre-y-total-lamotte","status":"publish","type":"product","link":"https:\/\/equipaedu.com.mx\/index.php\/producto\/colorimetro-dc1500-para-cloro-libre-y-total-lamotte\/","title":{"rendered":"Color\u00edmetro DC1500 para Cloro libre y total, LaMotte"},"content":{"rendered":"<h5>Color\u00edmetro DC1500 para Cloro libre y total<\/h5>\n<p><b>Marca<\/b>: LaMotte |\u00a0<b>Pa\u00eds de origen<\/b>: Estados Unidos |\u00a0<b>C\u00f3digo<\/b>: 3240<\/p>\n<p>Caracter\u00edsticas principales<\/p>\n<ul>\n<li><b>Medici\u00f3n Precisa:<\/b>\u00a0Dise\u00f1ado para medir cloro libre y total en el agua de manera eficiente y confiable.<\/li>\n<li><b>Pantalla LCD:<\/b>\u00a0Pantalla f\u00e1cil de leer que muestra resultados claros y precisos.<\/li>\n<li><b>Port\u00e1til y Compacto:<\/b>\u00a0Ideal para uso tanto en laboratorio como en campo.<\/li>\n<li><b>Cumplimiento Normativo:<\/b>Cumple con las normas de la EPA, utilizando la longitud de onda adecuada y el m\u00e9todo de prueba DPD.<\/li>\n<li><b>Transferencia de Datos:<\/b>\u00a0Incluye conexi\u00f3n USB para la transferencia.<\/li>\n<li>Dise\u00f1o resistente al agua IP67, con marcado CE europeo.<\/li>\n<\/ul>\n<p>Descripci\u00f3n General<\/p>\n<h6>Color\u00edmetro DC1500 de Cloro: Precisi\u00f3n y Eficiencia en un Dispositivo Port\u00e1til<\/h6>\n<p>El Color\u00edmetro DC1500 de Cloro es un dispositivo port\u00e1til dise\u00f1ado para medir el cloro libre y total en el agua de manera precisa y eficiente. Este color\u00edmetro emplea sistemas de reactivos en tabletas DPD1 IG\u00a0<a href=\"https:\/\/www.e-ceica.mx\/comprar\/?product-tags=pastillas&amp;pa_parametros-filter=cloro-libre-o-residual\">[6903A]<\/a>\u00a0para cloro libre y reactivos en tabletas DPD3 IG [6197A] para cloro total.<\/p>\n<p>La serie 1500 de color\u00edmetros de lectura directa y prueba \u00fanica incorpora avances de dise\u00f1o que mejoran la confiabilidad, la precisi\u00f3n y simplifican el proceso de calibraci\u00f3n, todo en un paquete port\u00e1til. Es ideal tanto para uso en laboratorio como en campo, proporcionando resultados r\u00e1pidos y confiables.<\/p>\n<p><b>Cumple con las normas de la EPA:<\/b>\u00a0Utiliza la longitud de onda adecuada y el m\u00e9todo de prueba DPD para cumplir con las especificaciones de dise\u00f1o de la EPA para los programas de monitoreo de cloro NPDWR y NPDES (EPA 330.5 y m\u00e9todo est\u00e1ndar 4500).<\/p>\n<p>Especificaciones T\u00e9cnicas<\/p>\n<table class=\"tabtec\">\n<caption>Tabla de Factores\u00a0<\/caption>\n<caption>\u00a0<\/caption>\n<tbody>\n<tr>\n<th>Factor de prueba:<\/th>\n<td>Cloro (libre y total)<\/td>\n<\/tr>\n<tr>\n<th>Rango:<\/th>\n<td>0 \u2013 4.0<\/td>\n<\/tr>\n<tr>\n<th>L\u00edmite de detecci\u00f3n:<\/th>\n<td>0.05<\/td>\n<\/tr>\n<tr>\n<th>M\u00e9todo de prueba:<\/th>\n<td>Pastillas DPD<\/td>\n<\/tr>\n<tr>\n<th># de reactivos:<\/th>\n<td>2<\/td>\n<\/tr>\n<tr>\n<th># de pruebas:<\/th>\n<td>100<\/td>\n<\/tr>\n<\/tbody>\n<\/table>\n<p><b>C\u00f3digo de env\u00edo<\/b>: (NH) Material no peligroso \u2013 no se aplican tarifas<br \/>\n<b>Peso de env\u00edo en libras<\/b>: 6<\/p>\n<table class=\"tabtec\">\n<caption>Ficha t\u00e9cnica\u00a0<\/caption>\n<caption>\u00a0<\/caption>\n<tbody>\n<tr>\n<th>Tipo de instrumento<\/th>\n<td>Color\u00edmetro de lectura directa de longitud de onda \u00fanica<\/td>\n<\/tr>\n<tr>\n<th>Lectura<\/th>\n<td>LCD con retroiluminaci\u00f3n 160 x 100 , pantalla gr\u00e1fica en l\u00ednea 20 x 6<\/td>\n<\/tr>\n<tr>\n<th>Longitudes de onda<\/th>\n<td>525 nm<\/td>\n<\/tr>\n<tr>\n<th>Precisi\u00f3n de la longitud de onda<\/th>\n<td>\u00b12% FS<\/td>\n<\/tr>\n<tr>\n<th>Resoluci\u00f3n legible<\/th>\n<td>Determinado por el sistema de reactivo<\/td>\n<\/tr>\n<tr>\n<th>Ancho de banda de la longitud de onda<\/th>\n<td>10 nm t\u00edpica<\/td>\n<\/tr>\n<tr>\n<th>Rango fotom\u00e9trico<\/th>\n<td>-2 a +2 AU<\/td>\n<\/tr>\n<tr>\n<th>Precisi\u00f3n fotom\u00e9trica<\/th>\n<td>\u00b10,001 AU en 1,0 AU<\/td>\n<\/tr>\n<tr>\n<th>Exactitud fotom\u00e9trica<\/th>\n<td>\u00b10,005 AU en 1,0 AU<\/td>\n<\/tr>\n<tr>\n<th>C\u00e1mara de muestra<\/th>\n<td>Acepta tubos de fondo plano con tapa de rosca de 25 mm de di\u00e1metro<\/td>\n<\/tr>\n<tr>\n<th>Fuentes de luz<\/th>\n<td>1 LED<\/td>\n<\/tr>\n<tr>\n<th>Detectores<\/th>\n<td>Fotodiodo de silicio con filtro de interferencias integrado<\/td>\n<\/tr>\n<tr>\n<th>Modos<\/th>\n<td>Tests preprogramados, absorbancia, %T<\/td>\n<\/tr>\n<tr>\n<th>Idiomas<\/th>\n<td>ingl\u00e9s, espa\u00f1ol, franc\u00e9s, portugu\u00e9s, italiano, chino, japon\u00e9s, turco<\/td>\n<\/tr>\n<tr>\n<th>Temperatura<\/th>\n<td>Funcionamiento: 0-50 \u00b0C; almacenamiento: -40-60 \u00b0C<\/td>\n<\/tr>\n<tr>\n<th>Rango de humedad durante el funcionamiento<\/th>\n<td>0-90 % HR, sin condensaci\u00f3n<\/td>\n<\/tr>\n<tr>\n<th>Puertos<\/th>\n<td>Puerto mini USB<\/td>\n<\/tr>\n<tr>\n<th>Requisitos de potencia<\/th>\n<td>Adaptador de pared USB, conexi\u00f3n al ordenador por USB o bater\u00eda recargable interna de litio-i\u00f3n<\/td>\n<\/tr>\n<tr>\n<th>Clasificaci\u00f3n el\u00e9ctrica<\/th>\n<td>Voltaje clasificado (5 V), potencia de corriente de entrada (1,0A) en puerto mini USB<\/td>\n<\/tr>\n<tr>\n<th>Bater\u00eda<\/th>\n<td>Duraci\u00f3n de la carga: Aproximadamente 380 pruebas con la retroiluminaci\u00f3n activada y hasta 1000 pruebas con la retroiluminaci\u00f3n apagada. Vida de la bater\u00eda: Unas 500 cargas<\/td>\n<\/tr>\n<tr>\n<th>Registro de datos<\/th>\n<td>500 tubos de pruebas<\/td>\n<\/tr>\n<tr>\n<th>Impermeable<\/th>\n<td>IP67 con conector de puerto USB en su sitio<\/td>\n<\/tr>\n<tr>\n<th>Dimensiones (LxAnxAl) y peso<\/th>\n<td>8.84 \u00d7 19.05 \u00d7 6.35 cm, 362g<\/td>\n<\/tr>\n<\/tbody>\n<\/table>\n<p>&nbsp;<\/p>\n<p>Accesorios y Consumibles<\/p>\n<table class=\"tabtec\">\n<caption><b>Contenido del Kit<\/b>\u00a0<\/caption>\n<caption>\u00a0<\/caption>\n<thead>\n<tr>\n<th>Cantidad<\/th>\n<th>Descripci\u00f3n<\/th>\n<th>C\u00f3digo de orden<\/th>\n<\/tr>\n<\/thead>\n<tbody>\n<tr>\n<td>100<\/td>\n<td>Tabletas de prueba de cloro (paquete de 100)<\/td>\n<td><a href=\"https:\/\/www.e-ceica.mx\/producto\/reactivos-en-tableta-para-cloro-dpd1-grado-instrumental-100-tabletas-codigo-6903a-j\/\">6903A-J<\/a><\/td>\n<\/tr>\n<tr>\n<td>100<\/td>\n<td>*DPD 3 IG Pastillas<\/td>\n<td>6167A-J<\/td>\n<\/tr>\n<tr>\n<td>1<\/td>\n<td>Tubos colorim\u00e9tricos con tapones, set de 6<\/td>\n<td>0290-6<\/td>\n<\/tr>\n<tr>\n<td>1<\/td>\n<td>Botella de recogida de muestra de agua<\/td>\n<td>0688<\/td>\n<\/tr>\n<tr>\n<td>1<\/td>\n<td>Color\u00edmetro 1500 DPD para cloro<\/td>\n<td>27926-CL<\/td>\n<\/tr>\n<tr>\n<td>1<\/td>\n<td>Adaptador de pared USB<\/td>\n<td>1721<\/td>\n<\/tr>\n<tr>\n<td>1<\/td>\n<td>Cable USB<\/td>\n<td>1720-01<\/td>\n<\/tr>\n<tr>\n<td>1<\/td>\n<td>Color\u00edmetro para cloro DC1500-CL, Manual pastillas DPD<\/td>\n<td>3240-MN-CL<\/td>\n<\/tr>\n<tr>\n<td>1<\/td>\n<td>Color\u00edmetro para cloro DC1500-CL, Gu\u00eda de inicio r\u00e1pido pastillas DPD<\/td>\n<td>3240-QG-CL<\/td>\n<\/tr>\n<\/tbody>\n<\/table>\n<p>&lt;caption\u00bb&gt;<b>Accesorios opcionales y de reemplazo<\/b><\/p>\n<p>&nbsp;<\/p>\n<p>&lt;\/caption\u00bb&gt;<\/p>\n<table class=\"tabtec\">\n<caption>\u00a0<\/caption>\n<thead>\n<tr>\n<th>Descripci\u00f3n<\/th>\n<th>C\u00f3digo de orden<\/th>\n<\/tr>\n<\/thead>\n<tbody>\n<tr>\n<td>Tubos de ensayo, con tapones<\/td>\n<td>0290-6<\/td>\n<\/tr>\n<tr>\n<td>C\u00e1mara de repuesto<\/td>\n<td>3-0038<\/td>\n<\/tr>\n<tr>\n<td>Cable USB<\/td>\n<td>1720-01<\/td>\n<\/tr>\n<tr>\n<td>Adaptador de pared USB<\/td>\n<td>1721<\/td>\n<\/tr>\n<tr>\n<td>Cargador para coche<\/td>\n<td>5-0132<\/td>\n<\/tr>\n<\/tbody>\n<\/table>\n<p>Nota: Para solicitar cotizaci\u00f3n de los reactivos o componentes de kits de prueba individuales, use el c\u00f3digo especificado.<\/p>\n","protected":false},"excerpt":{"rendered":"<p>Dispositivo port\u00e1til dise\u00f1ado para medir el cloro libre y total en el agua de manera precisa y eficiente.<\/p>\n","protected":false},"featured_media":662,"comment_status":"open","ping_status":"closed","template":"","meta":{"_themeisle_gutenberg_block_has_review":false,"_joinchat":[]},"product_brand":[],"product_cat":[55],"product_tag":[],"class_list":{"0":"post-661","1":"product","2":"type-product","3":"status-publish","4":"has-post-thumbnail","6":"product_cat-phmetros-y-conductivimetros","8":"first","9":"instock","10":"shipping-taxable","11":"purchasable","12":"product-type-simple"},"_links":{"self":[{"href":"https:\/\/equipaedu.com.mx\/index.php\/wp-json\/wp\/v2\/product\/661","targetHints":{"allow":["GET"]}}],"collection":[{"href":"https:\/\/equipaedu.com.mx\/index.php\/wp-json\/wp\/v2\/product"}],"about":[{"href":"https:\/\/equipaedu.com.mx\/index.php\/wp-json\/wp\/v2\/types\/product"}],"replies":[{"embeddable":true,"href":"https:\/\/equipaedu.com.mx\/index.php\/wp-json\/wp\/v2\/comments?post=661"}],"wp:featuredmedia":[{"embeddable":true,"href":"https:\/\/equipaedu.com.mx\/index.php\/wp-json\/wp\/v2\/media\/662"}],"wp:attachment":[{"href":"https:\/\/equipaedu.com.mx\/index.php\/wp-json\/wp\/v2\/media?parent=661"}],"wp:term":[{"taxonomy":"product_brand","embeddable":true,"href":"https:\/\/equipaedu.com.mx\/index.php\/wp-json\/wp\/v2\/product_brand?post=661"},{"taxonomy":"product_cat","embeddable":true,"href":"https:\/\/equipaedu.com.mx\/index.php\/wp-json\/wp\/v2\/product_cat?post=661"},{"taxonomy":"product_tag","embeddable":true,"href":"https:\/\/equipaedu.com.mx\/index.php\/wp-json\/wp\/v2\/product_tag?post=661"}],"curies":[{"name":"wp","href":"https:\/\/api.w.org\/{rel}","templated":true}]}}