{"id":577,"date":"2023-10-25T15:21:04","date_gmt":"2023-10-25T15:21:04","guid":{"rendered":"https:\/\/equipaedu.com.mx\/?post_type=product&#038;p=577"},"modified":"2023-10-25T15:21:04","modified_gmt":"2023-10-25T15:21:04","slug":"espectrofotometro-de-absorcion-atomica","status":"publish","type":"product","link":"https:\/\/equipaedu.com.mx\/index.php\/producto\/espectrofotometro-de-absorcion-atomica\/","title":{"rendered":"Espectrofot\u00f3metro de absorci\u00f3n at\u00f3mica"},"content":{"rendered":"<p>ESPECTROFOTOMETRO DE ABSORCION ATOMICA DE DOBLE HAZ . ESTA DISE\u00d1ADO PARA APLICACIONES DIVERSAS , EDUCACIONALES CLINICAS E INDUSTRIALES. CONTROL CON\u00a0 MICROPROCESADOR Y PANTALLA LCD. TIENE GRAN ESTABILIDAD Y CONFIABILIDAD DE RESULTADOS.\u00a0 INTERFASE RS232 PARA ENVIO DE DATOS A LA PC. TIENE MONOCROMADOR TIPO C-T CON LONGITUD DE ONDA DE 250nm, SISTEMA DE ATOMIZACION DE FLAMA, QUEMADOR INTERCAMBIABLE DE ALEACION DE TITANIO\u00a0 CON ABERTURAS DE 10 Y 5cm. RANGO ESPECTRAL 190-900nm , PRECISION\u00a0 = \u00b10.5nm , REPETIBILIDAD = 0.3nm (EN UNA DIRECCION), ANCHO DE BANDA 0.2nm, 0.4nm, 0.7nm, 1.4nm, 2.4nm, 5.0nm, RESOLUCION\u00a0 &lt;40% , ESTABILIDAD DE LA LINEA BASE: \u00b10.004Abs\/30min , CONCENTRACION CARACTERISTICA DE COBRE = 0.04\u00b5g\/ml\/1% , LIMITE DE DETECCION DE COBRE: =0.008\u00b5g\/ml , CAPACIDAD DE GUARDAR LA CALIBRACION , HASTA 30 VECES. ALIMENTACION 220V, 3\u00aa, 50HZ. MEDIDAS TOTALES\u00a0 1000mm\u00d7530mm\u00d7425mm , PESO 130K. INCLUYE:<\/p>\n<p>COMPRESOR DE AIRE, IMPRESOR, TUBO PARA GAS, REDUCTOR PARA EL CILINDRO DE ACETILENO Y FILTRO PARA GAS. LUZEREN<\/p>\n","protected":false},"excerpt":{"rendered":"<div class=\"col-xxs-6 col-xs-6 col-sm-6 col-md-6 col-lg-6\">C\u00f3digo:\u00a0<b>PRO1001475<\/b><\/div>\n<div class=\"col-xxs-6 col-xs-6 col-sm-6 col-md-6 col-lg-6\">Cat: <b>Espectrofot\u00f3metros<\/b><\/div>\n","protected":false},"featured_media":578,"comment_status":"open","ping_status":"closed","template":"","meta":{"_themeisle_gutenberg_block_has_review":false,"_joinchat":[]},"product_brand":[],"product_cat":[47],"product_tag":[26],"class_list":{"0":"post-577","1":"product","2":"type-product","3":"status-publish","4":"has-post-thumbnail","6":"product_cat-espectrofotometros","7":"product_tag-luzeren","9":"first","10":"instock","11":"shipping-taxable","12":"purchasable","13":"product-type-simple"},"_links":{"self":[{"href":"https:\/\/equipaedu.com.mx\/index.php\/wp-json\/wp\/v2\/product\/577","targetHints":{"allow":["GET"]}}],"collection":[{"href":"https:\/\/equipaedu.com.mx\/index.php\/wp-json\/wp\/v2\/product"}],"about":[{"href":"https:\/\/equipaedu.com.mx\/index.php\/wp-json\/wp\/v2\/types\/product"}],"replies":[{"embeddable":true,"href":"https:\/\/equipaedu.com.mx\/index.php\/wp-json\/wp\/v2\/comments?post=577"}],"wp:featuredmedia":[{"embeddable":true,"href":"https:\/\/equipaedu.com.mx\/index.php\/wp-json\/wp\/v2\/media\/578"}],"wp:attachment":[{"href":"https:\/\/equipaedu.com.mx\/index.php\/wp-json\/wp\/v2\/media?parent=577"}],"wp:term":[{"taxonomy":"product_brand","embeddable":true,"href":"https:\/\/equipaedu.com.mx\/index.php\/wp-json\/wp\/v2\/product_brand?post=577"},{"taxonomy":"product_cat","embeddable":true,"href":"https:\/\/equipaedu.com.mx\/index.php\/wp-json\/wp\/v2\/product_cat?post=577"},{"taxonomy":"product_tag","embeddable":true,"href":"https:\/\/equipaedu.com.mx\/index.php\/wp-json\/wp\/v2\/product_tag?post=577"}],"curies":[{"name":"wp","href":"https:\/\/api.w.org\/{rel}","templated":true}]}}