{"id":556,"date":"2023-10-25T15:02:25","date_gmt":"2023-10-25T15:02:25","guid":{"rendered":"https:\/\/equipaedu.com.mx\/?post_type=product&#038;p=556"},"modified":"2023-10-25T15:02:26","modified_gmt":"2023-10-25T15:02:26","slug":"centrifuga-clinica-digital-2415ml","status":"publish","type":"product","link":"https:\/\/equipaedu.com.mx\/index.php\/producto\/centrifuga-clinica-digital-2415ml\/","title":{"rendered":"Centrifuga cl\u00ednica digital 24*15ml"},"content":{"rendered":"<p>CENTRIFUGA\u00a0 CLINICA CON CONTROL DIGITAL PROGRAMABLE .TIENE GRAN APLICACION EN ANALISIS CLINICOS, BIOQUIMICOS E INMUNOLOGICOS. FABRICADA CON ESTRUCTURA METALICA, MOTOR DE INDUCCION MAGNETICA LIBRE DE CARBONES. ROTOR ANGULAR CON PORTATUBOS METALICOS. TIENE PATAS DE ALTA SUCCION PARA DARLE MAYOR ESTABILIDAD. INCLUYE: ROTOR ANGULAR PARA 24 TUBOS DE 15ML (13x 100mm). VELOCIDAD MAXIMA: 4000rpm (RCF: 3470\u00d7G)\u00a0 RELOJ\u00a0 0-99 MIN.\u00a0 MEDIDAS TOTALES : 330\u00d7 420\u00d7 275mm (L\u00d7W\u00d7H). ALIMENTACION: AC120V, 60HZ, 5Amp. PESO: 15Kg.\u00a0 MARCA PREMIERE<\/p>\n","protected":false},"excerpt":{"rendered":"<div class=\"col-xxs-6 col-xs-6 col-sm-6 col-md-6 col-lg-6\">C\u00f3digo:\u00a0<b>PRO1001127<\/b><\/div>\n<div class=\"col-xxs-6 col-xs-6 col-sm-6 col-md-6 col-lg-6\">Cat:\u00a0<b>Centrifugas<\/b><\/div>\n","protected":false},"featured_media":557,"comment_status":"open","ping_status":"closed","template":"","meta":{"_themeisle_gutenberg_block_has_review":false,"_joinchat":[]},"product_brand":[],"product_cat":[41],"product_tag":[29],"class_list":{"0":"post-556","1":"product","2":"type-product","3":"status-publish","4":"has-post-thumbnail","6":"product_cat-centrigugas","7":"product_tag-premiere","9":"first","10":"instock","11":"shipping-taxable","12":"purchasable","13":"product-type-simple"},"_links":{"self":[{"href":"https:\/\/equipaedu.com.mx\/index.php\/wp-json\/wp\/v2\/product\/556","targetHints":{"allow":["GET"]}}],"collection":[{"href":"https:\/\/equipaedu.com.mx\/index.php\/wp-json\/wp\/v2\/product"}],"about":[{"href":"https:\/\/equipaedu.com.mx\/index.php\/wp-json\/wp\/v2\/types\/product"}],"replies":[{"embeddable":true,"href":"https:\/\/equipaedu.com.mx\/index.php\/wp-json\/wp\/v2\/comments?post=556"}],"wp:featuredmedia":[{"embeddable":true,"href":"https:\/\/equipaedu.com.mx\/index.php\/wp-json\/wp\/v2\/media\/557"}],"wp:attachment":[{"href":"https:\/\/equipaedu.com.mx\/index.php\/wp-json\/wp\/v2\/media?parent=556"}],"wp:term":[{"taxonomy":"product_brand","embeddable":true,"href":"https:\/\/equipaedu.com.mx\/index.php\/wp-json\/wp\/v2\/product_brand?post=556"},{"taxonomy":"product_cat","embeddable":true,"href":"https:\/\/equipaedu.com.mx\/index.php\/wp-json\/wp\/v2\/product_cat?post=556"},{"taxonomy":"product_tag","embeddable":true,"href":"https:\/\/equipaedu.com.mx\/index.php\/wp-json\/wp\/v2\/product_tag?post=556"}],"curies":[{"name":"wp","href":"https:\/\/api.w.org\/{rel}","templated":true}]}}