{"id":552,"date":"2023-10-25T14:59:25","date_gmt":"2023-10-25T14:59:25","guid":{"rendered":"https:\/\/equipaedu.com.mx\/?post_type=product&#038;p=552"},"modified":"2023-10-25T14:59:26","modified_gmt":"2023-10-25T14:59:26","slug":"camara-climatica-1000l","status":"publish","type":"product","link":"https:\/\/equipaedu.com.mx\/index.php\/producto\/camara-climatica-1000l\/","title":{"rendered":"C\u00e1mara clim\u00e1tica 1000L"},"content":{"rendered":"<p>CAMARA CLIMATICA DE GRAN APLICACI\u00d3N EN INVESTIGACIONES AGRICOLAS. CAPACIDAD\u00a0 1000 LITROS (35.31 pies cubicos).\u00a0 INTERIOR DE ACERO INOXIDABLE BRILLANTE, CONTROL CON MICROPROCESADOR\u00a0 CAPACIDAD HASTA 30 PROGRAMAS Y PANTALLA GRANDE DE LCD. ESPECIFICACIONES: TEMP. CON LUZ : 10- 50\u00baC, TEMP. SIN LUZ: 0- 50\u00baC, SENSIBILIDAD +\/- 0.1\u00baC, ESTABILIDAD DE TEMPERATURA :\u00a0 +\/- 1.0\u00baC, HUMEDAD: 50- 90% +\/-5%, ILUMINACION DE LED : 0 a\u00a0 8000 LUXES, RELOJ : 1-99 HRS, MEDIDAS INTERIORES (wxdxh) 1100x530x1380mm, MEDIDAS EXTERIORES(wxdxh): 1370x660x1990mm. SE SURTE CON 6 ENTREPA\u00d1OS PLASTIFICADOS , CONSUMO 960W ,\u00a0 OPERA CON 220V, 50Hz. MARCA LUZEREN<\/p>\n","protected":false},"excerpt":{"rendered":"<div class=\"col-xxs-6 col-xs-6 col-sm-6 col-md-6 col-lg-6\">C\u00f3digo:\u00a0<b>PRO1002920<\/b><\/div>\n<div class=\"col-xxs-6 col-xs-6 col-sm-6 col-md-6 col-lg-6\">Cat:\u00a0<b>C\u00e1mara\u00a0clim\u00e1tica<\/b><\/div>\n","protected":false},"featured_media":553,"comment_status":"open","ping_status":"closed","template":"","meta":{"_themeisle_gutenberg_block_has_review":false,"_joinchat":[]},"product_brand":[],"product_cat":[40],"product_tag":[26],"class_list":{"0":"post-552","1":"product","2":"type-product","3":"status-publish","4":"has-post-thumbnail","6":"product_cat-camara-climatica","7":"product_tag-luzeren","9":"first","10":"instock","11":"shipping-taxable","12":"purchasable","13":"product-type-simple"},"_links":{"self":[{"href":"https:\/\/equipaedu.com.mx\/index.php\/wp-json\/wp\/v2\/product\/552","targetHints":{"allow":["GET"]}}],"collection":[{"href":"https:\/\/equipaedu.com.mx\/index.php\/wp-json\/wp\/v2\/product"}],"about":[{"href":"https:\/\/equipaedu.com.mx\/index.php\/wp-json\/wp\/v2\/types\/product"}],"replies":[{"embeddable":true,"href":"https:\/\/equipaedu.com.mx\/index.php\/wp-json\/wp\/v2\/comments?post=552"}],"wp:featuredmedia":[{"embeddable":true,"href":"https:\/\/equipaedu.com.mx\/index.php\/wp-json\/wp\/v2\/media\/553"}],"wp:attachment":[{"href":"https:\/\/equipaedu.com.mx\/index.php\/wp-json\/wp\/v2\/media?parent=552"}],"wp:term":[{"taxonomy":"product_brand","embeddable":true,"href":"https:\/\/equipaedu.com.mx\/index.php\/wp-json\/wp\/v2\/product_brand?post=552"},{"taxonomy":"product_cat","embeddable":true,"href":"https:\/\/equipaedu.com.mx\/index.php\/wp-json\/wp\/v2\/product_cat?post=552"},{"taxonomy":"product_tag","embeddable":true,"href":"https:\/\/equipaedu.com.mx\/index.php\/wp-json\/wp\/v2\/product_tag?post=552"}],"curies":[{"name":"wp","href":"https:\/\/api.w.org\/{rel}","templated":true}]}}