{"id":342,"date":"2023-10-18T16:08:06","date_gmt":"2023-10-18T16:08:06","guid":{"rendered":"https:\/\/equipaedu.com.mx\/?post_type=product&#038;p=342"},"modified":"2023-10-18T16:21:01","modified_gmt":"2023-10-18T16:21:01","slug":"campana-de-bioseguridad-personal","status":"publish","type":"product","link":"https:\/\/equipaedu.com.mx\/index.php\/producto\/campana-de-bioseguridad-personal\/","title":{"rendered":"Campana de bioseguridad personal"},"content":{"rendered":"<p>CAMPANA DE SEGURIDAD BIOLOGICA CLASE II A2 PERSONAL. ES PEQUE\u00d1A , COMPACTA Y CON GRANDES ATRIBUTOS, DE GRAN APLICACI\u00d3N PARA LABORATORIOS CON ESPACIO PEQUE\u00d1O . TIENE VENTILADOR CENTRIFUGO DE VELOCIDAD Y FILTROS HEPA . EL CONTROL CON MICROPROCESADOR TIENE PANTALLA\u00a0 DE LCD GRANDE EN LA QUE EL OPERADOR PUEDE REVISAR EL ESTADO DEL GABINETE, VELOCIDAD DEL AIRE DE ENTRADA Y SALIDA , TEMPERATURA Y HUMEDAD DEL AREA DE TRABAJO, PRESION DEL FILTRO, TIEMPO DE USO DE LA LAMPARA UV , TIEMPO DE USO DEL FILTRO E INDICADOR DE VIDA DEL FILTRO. LA FUNCION DE TIEMPO DE RESERVA ES PARA HACER PREPARACION DE 30 MINUTOS ESTERILIZANDO EL AREA Y 30 MINUTOS AL FINAL DEL EXPERIMENTO PARA QUE QUEDE ESTERIL POR LOS MATERIALES UTILIZADOS. EL CONTROL REMOTO TIENE ALCANCE DE 6 METROS PARA PROTEGER AL USUARIO EN CASO DE EMERGENCIA. LA VENTANA DE CRISTAL TEMPLADO ES MOTORIZADA PARA QUE SEA OPERADA CON UNA SOLA MANO. LA FUNCION DE VOZ , ES UNA ALARMA QUE INDICA EL FLUJO DE AIRE , EL REMPLAZO DEL FILTRO Y LA ALTURA DE LA VENTANA. INTERIORES DE ACERO INOXIDABLE 304 Y EXTERIOR EN LAMINA ESMALTADA. LUZEREN<\/p>\n<table width=\"337\">\n<tbody>\n<tr>\n<td width=\"168\"><b><strong>CATALOGO<\/strong><\/b><\/td>\n<td width=\"169\"><b><strong>PRO1001465<\/strong><\/b><\/td>\n<\/tr>\n<tr>\n<td width=\"168\">CLASIFICACION<\/td>\n<td width=\"169\">CLASE II A2<\/td>\n<\/tr>\n<tr>\n<td width=\"168\">MATERIAL<\/td>\n<td width=\"169\">ACERO INOX 304, EXT. LAMINA CON EPOXICO<\/td>\n<\/tr>\n<tr>\n<td width=\"168\">APERTURA DE USO<\/td>\n<td width=\"169\">200mm<\/td>\n<\/tr>\n<tr>\n<td width=\"168\">APERTURA TOTAL<\/td>\n<td width=\"169\">400mm<\/td>\n<\/tr>\n<tr>\n<td width=\"168\">FLUJO DE ENTRADA<\/td>\n<td width=\"169\">\u00a00.53m\/s<\/td>\n<\/tr>\n<tr>\n<td width=\"168\">FLUJO DE SALIDA<\/td>\n<td width=\"169\">\u00a00.33m\/s<\/td>\n<\/tr>\n<tr>\n<td width=\"168\">VENTANA<\/td>\n<td width=\"169\">MOTORIZADA DE CRISTAL 5mm<\/td>\n<\/tr>\n<tr>\n<td width=\"168\">LAMPARA UV<\/td>\n<td width=\"169\">1*18W<\/td>\n<\/tr>\n<tr>\n<td width=\"168\">LAMPARA FLUORESCENTE<\/td>\n<td width=\"169\">1*14W<\/td>\n<\/tr>\n<tr>\n<td width=\"168\">ILUMINACION<\/td>\n<td width=\"169\">&lt;800 LUXES<\/td>\n<\/tr>\n<tr>\n<td width=\"168\">RUIDO<\/td>\n<td width=\"169\">&lt;65dB<\/td>\n<\/tr>\n<tr>\n<td width=\"168\">MEDIDAS EXTERIORES<\/td>\n<td width=\"169\">700*650*1230<\/td>\n<\/tr>\n<tr>\n<td width=\"168\">MEDIDAS INTERIORES<\/td>\n<td width=\"169\">600*500*540<\/td>\n<\/tr>\n<tr>\n<td width=\"168\">CONTACTOS<\/td>\n<td width=\"169\">2*250W<\/td>\n<\/tr>\n<tr>\n<td width=\"168\">ALIMENTACION<\/td>\n<td width=\"169\">115V<\/td>\n<\/tr>\n<tr>\n<td width=\"168\">CONSUMO<\/td>\n<td width=\"169\">500W<\/td>\n<\/tr>\n<tr>\n<td width=\"168\">PESO<\/td>\n<td width=\"169\">80K<\/td>\n<\/tr>\n<tr>\n<td width=\"168\">ACCS INCLUIDOS<\/td>\n<td width=\"169\">2 LAMP UV, 1 LAMP FLUOR, C. REMOTO<\/td>\n<\/tr>\n<\/tbody>\n<\/table>\n","protected":false},"excerpt":{"rendered":"<div class=\"col-xxs-6 col-xs-6 col-sm-6 col-md-6 col-lg-6\">C\u00f3digo:\u00a0<b>PRO1001465<\/b><\/div>\n<div class=\"col-xxs-6 col-xs-6 col-sm-6 col-md-6 col-lg-6\">Cat:\u00a0<b>Campanas<\/b><\/div>\n","protected":false},"featured_media":343,"comment_status":"open","ping_status":"closed","template":"","meta":{"_themeisle_gutenberg_block_has_review":false,"_joinchat":[]},"product_brand":[],"product_cat":[65],"product_tag":[26],"class_list":{"0":"post-342","1":"product","2":"type-product","3":"status-publish","4":"has-post-thumbnail","6":"product_cat-campanas","7":"product_tag-luzeren","9":"first","10":"instock","11":"shipping-taxable","12":"purchasable","13":"product-type-simple"},"_links":{"self":[{"href":"https:\/\/equipaedu.com.mx\/index.php\/wp-json\/wp\/v2\/product\/342","targetHints":{"allow":["GET"]}}],"collection":[{"href":"https:\/\/equipaedu.com.mx\/index.php\/wp-json\/wp\/v2\/product"}],"about":[{"href":"https:\/\/equipaedu.com.mx\/index.php\/wp-json\/wp\/v2\/types\/product"}],"replies":[{"embeddable":true,"href":"https:\/\/equipaedu.com.mx\/index.php\/wp-json\/wp\/v2\/comments?post=342"}],"wp:featuredmedia":[{"embeddable":true,"href":"https:\/\/equipaedu.com.mx\/index.php\/wp-json\/wp\/v2\/media\/343"}],"wp:attachment":[{"href":"https:\/\/equipaedu.com.mx\/index.php\/wp-json\/wp\/v2\/media?parent=342"}],"wp:term":[{"taxonomy":"product_brand","embeddable":true,"href":"https:\/\/equipaedu.com.mx\/index.php\/wp-json\/wp\/v2\/product_brand?post=342"},{"taxonomy":"product_cat","embeddable":true,"href":"https:\/\/equipaedu.com.mx\/index.php\/wp-json\/wp\/v2\/product_cat?post=342"},{"taxonomy":"product_tag","embeddable":true,"href":"https:\/\/equipaedu.com.mx\/index.php\/wp-json\/wp\/v2\/product_tag?post=342"}],"curies":[{"name":"wp","href":"https:\/\/api.w.org\/{rel}","templated":true}]}}