{"id":112,"date":"2023-10-04T23:11:33","date_gmt":"2023-10-04T23:11:33","guid":{"rendered":"https:\/\/equipaedu.com.mx\/?page_id=112"},"modified":"2023-10-25T16:17:58","modified_gmt":"2023-10-25T16:17:58","slug":"politica-de-ventas","status":"publish","type":"page","link":"https:\/\/equipaedu.com.mx\/index.php\/politica-de-ventas\/","title":{"rendered":"Pol\u00edtica de Ventas"},"content":{"rendered":"<figure class=\"wp-block-image aligncenter size-large\"><img loading=\"lazy\" decoding=\"async\" width=\"1024\" height=\"320\" src=\"https:\/\/equipaedu.com.mx\/wp-content\/uploads\/2023\/10\/imagenes-paginas-de-incio_Mesa-de-trabajo-1-1024x320.jpg\" alt=\"\" class=\"wp-image-116\" srcset=\"https:\/\/equipaedu.com.mx\/wp-content\/uploads\/2023\/10\/imagenes-paginas-de-incio_Mesa-de-trabajo-1-1024x320.jpg 1024w, https:\/\/equipaedu.com.mx\/wp-content\/uploads\/2023\/10\/imagenes-paginas-de-incio_Mesa-de-trabajo-1-300x94.jpg 300w, https:\/\/equipaedu.com.mx\/wp-content\/uploads\/2023\/10\/imagenes-paginas-de-incio_Mesa-de-trabajo-1-768x240.jpg 768w, https:\/\/equipaedu.com.mx\/wp-content\/uploads\/2023\/10\/imagenes-paginas-de-incio_Mesa-de-trabajo-1-1536x480.jpg 1536w, https:\/\/equipaedu.com.mx\/wp-content\/uploads\/2023\/10\/imagenes-paginas-de-incio_Mesa-de-trabajo-1-2048x640.jpg 2048w, https:\/\/equipaedu.com.mx\/wp-content\/uploads\/2023\/10\/imagenes-paginas-de-incio_Mesa-de-trabajo-1-600x188.jpg 600w\" sizes=\"auto, (max-width: 1024px) 100vw, 1024px\" \/><\/figure><h2 class=\"wp-block-heading\">CONDICIONES GENERALES DE VENTA<\/h2><p>1. Cotizacion expresada en Moneda Nacional (pesos mexicanos) + 16% de IVA<\/p><p>2. Los precios est\u00e1n firmes por 30 dias salvo que se indique lo contrario.<\/p><p>3 El minimo para facturaci\u00f3n de contado ser\u00e1 de $ 300.00 M.N. + I.V.A., el minimo para cr\u00e9dito ser\u00e1 de $ 2,000.00 M.N. + I.V.A.<\/p><p>4. Para procesar un pedido, requerimos orden de compra por escrito en su formato debidamente requisitado o en su defecto en un mensaje de email, no se aceptan pedidos telef\u00f3nicos. Una vez procesado su pedido no se aceptan cancelaciones.<\/p><p>5. Para entregas en la Zona Metropolitana de Guadalajara o CDMX , el minimo de compra ser\u00e1 de 5,000.00 mn + I.V.A. ( no aplica a distribuidores).<\/p><p>6. Solo aceptamos devoluciones de mercanc\u00edas en inventario (ISOLAB KARTELL Y LUZEREN) dentro de los 10 dias posteriores a la entrega o envio , no se aceptan devoluciones de productos ordenados para surtir. En reactivos quimicos y biol\u00f3gicos de cualquier marca no hay cambios ni devoluciones.<\/p><p>7. Las entregas de equipos en su domicilio se hara solo en planta baja siempre que haya las condiciones de descarga , de lo contrario ser\u00e1 libre de maniobras.<\/p><p>8. La venta se considera Libre a bordo Guadalajara Jalisco. El flete ser\u00e1 pagado por el cliente<\/p><p>9. En caso de embarque , la mercanc\u00eda viaja por cuenta y riesgo del cliente , deber\u00e1 indicar en su orden de compra si quiere asegurarla.<\/p><p>10. Los embarques se hacen por transportes de carga espec\u00edficos (Estafeta, Tres Guerras, Potosinos Castores o Fedex), si requiere su envio por otra via , deber\u00e1n recoger en nuestra bodega .<\/p><p>11. Los Equipos ofertados no incluyen instalaci\u00f3n o capacitaci\u00f3n, salvo que se especifique.<\/p><p>12. Los manuales de los equipos se entregan en Ingles, si los requieren traducidos favor de especificarlo para hacer el cargo respectivo.<\/p><p>GARANTIA LIMITADA<\/p><p>1. COBERTURA. La garant\u00eda es de un a\u00f1o exclusivamente por defectos de fabricaci\u00f3n en los materiales y mano de obra<\/p><p>2. SERVICIO. Cualquier falla de un equipo deber\u00e1 reportarse en los siguientes 10 dias de su recepcion, y deber\u00e1 enviarse a nuestras instalaciones , siendo cubierto por parte de EQUIPAMIENTO EDUCATIVO solamente el flete de retorno, el flete inicial del reclamo correra por cuenta del cliente.<\/p><p>3. EMPAQUE: Ser\u00e1 absoluta responsabilidad del cliente el empaque y embalaje adecuado que proteja el equipo de posible da\u00f1o en las maniobras hasta llegar a nuestra oficina. SI hubiera alg\u00fan da\u00f1o en el envio se le notificara y documentara con fotograf\u00edas.<\/p><p>4. DESINFECCION: Sera responsabilidad del cliente la perfecta limpieza y desinfecci\u00f3n del equipo que haya estado en contacto con fluidos humanos o animales. Si se recibe sucio ser\u00e1 retornado a origen.<\/p><p>5. EXCLUSION. La garant\u00eda no aplica en casos de mal uso o da\u00f1o intencional. En fallas el\u00e9ctricas por alta o baja tensi\u00f3n, los equipos deben protegerse de este tipo de fallas usando el regulador de voltaje correcto(debe ser ferromagn\u00e9tico, no usar reguladores electr\u00f3nicos da\u00f1an los equipos). Las partes como resistencias , l\u00e1mparas , electrodos para PH, conductividad , ORP o DO (oxigeno disuelto) no tienen garant\u00eda.&nbsp;<\/p><div style=\"height:100px\" aria-hidden=\"true\" class=\"wp-block-spacer\"><\/div>","protected":false},"excerpt":{"rendered":"","protected":false},"author":1,"featured_media":0,"parent":0,"menu_order":0,"comment_status":"closed","ping_status":"closed","template":"","meta":{"_themeisle_gutenberg_block_has_review":false,"_joinchat":[],"footnotes":""},"class_list":["post-112","page","type-page","status-publish","hentry"],"_links":{"self":[{"href":"https:\/\/equipaedu.com.mx\/index.php\/wp-json\/wp\/v2\/pages\/112","targetHints":{"allow":["GET"]}}],"collection":[{"href":"https:\/\/equipaedu.com.mx\/index.php\/wp-json\/wp\/v2\/pages"}],"about":[{"href":"https:\/\/equipaedu.com.mx\/index.php\/wp-json\/wp\/v2\/types\/page"}],"author":[{"embeddable":true,"href":"https:\/\/equipaedu.com.mx\/index.php\/wp-json\/wp\/v2\/users\/1"}],"replies":[{"embeddable":true,"href":"https:\/\/equipaedu.com.mx\/index.php\/wp-json\/wp\/v2\/comments?post=112"}],"version-history":[{"count":6,"href":"https:\/\/equipaedu.com.mx\/index.php\/wp-json\/wp\/v2\/pages\/112\/revisions"}],"predecessor-version":[{"id":647,"href":"https:\/\/equipaedu.com.mx\/index.php\/wp-json\/wp\/v2\/pages\/112\/revisions\/647"}],"wp:attachment":[{"href":"https:\/\/equipaedu.com.mx\/index.php\/wp-json\/wp\/v2\/media?parent=112"}],"curies":[{"name":"wp","href":"https:\/\/api.w.org\/{rel}","templated":true}]}}